{"id":148,"date":"2024-01-17T13:59:54","date_gmt":"2024-01-17T13:59:54","guid":{"rendered":"https:\/\/impactmemoire.com\/?page_id=148"},"modified":"2024-04-17T13:39:01","modified_gmt":"2024-04-17T13:39:01","slug":"les-sciences-cognitives","status":"publish","type":"page","link":"https:\/\/impactmemoire.com\/en\/les-sciences-cognitives\/","title":{"rendered":"Cognitive sciences"},"content":{"rendered":"<div class=\"wp-block-group home-btm-parent is-layout-flow wp-block-group-is-layout-flow\" style=\"min-height:60vh;padding-right:var(--wp--preset--spacing--50);padding-bottom:0;padding-left:var(--wp--preset--spacing--50)\">\n<div class=\"wp-block-group home-btm-child is-layout-flow wp-block-group-is-layout-flow\">\n<div class=\"wp-block-columns home-btm-child is-layout-flex wp-container-core-columns-is-layout-2 wp-block-columns-is-layout-flex\">\n<div class=\"wp-block-column is-style-default is-layout-flow wp-block-column-is-layout-flow\" style=\"--col-width:20%;padding-right:var(--wp--preset--spacing--60);flex-basis:20%\">\n<h2 class=\"wp-block-heading has-text-align-right sciences tw-sm-hidden translation-block\" id=\"sciencescognitives\" style=\"margin-top:var(--wp--preset--spacing--30);margin-right:0;margin-left:0;font-size:clamp(3.037rem, 3.037rem + ((1vw - 0.2rem) * 4.233), 6rem);line-height:0.8;writing-mode:vertical-rl\">COGNITIVE<br>SCIENCES<\/h2>\n<\/div>\n\n\n\n<div class=\"wp-block-column is-vertically-aligned-bottom has-background is-layout-flow wp-block-column-is-layout-flow\" style=\"--col-width:80%;background-color:#ffffff00;flex-basis:80%\">\n<div class=\"wp-block-group is-content-justification-center is-nowrap is-layout-flex wp-container-core-group-is-layout-1 wp-block-group-is-layout-flex\">\n<h2 class=\"wp-block-heading has-text-align-center tw-lg-hidden tw-md-hidden\" id=\"sciences-cognitives\" style=\"font-size:clamp(3.037rem, 3.037rem + ((1vw - 0.2rem) * 4.233), 6rem);line-height:1\">COGNITIVE SCIENCES<\/h2>\n<\/div>\n\n\n\n<div class=\"wp-block-group home-btm-parent is-layout-flow wp-block-group-is-layout-flow\" style=\"padding-right:0;padding-bottom:0px;padding-left:0\">\n<div class=\"wp-block-group is-layout-flow wp-block-group-is-layout-flow\" style=\"padding-top:0;padding-bottom:0\">\n<div class=\"wp-block-columns is-layout-flex wp-container-core-columns-is-layout-1 wp-block-columns-is-layout-flex\">\n<div class=\"wp-block-column is-layout-flow wp-block-column-is-layout-flow\" style=\"--col-width:100%;flex-basis:100%\">\n<h2 class=\"wp-block-heading home-btm-child translation-block\" id=\"pourquoi-utilisons-nous-les-sciences-cognitives\" style=\"font-size:clamp(1.502rem, 1.502rem + ((1vw - 0.2rem) * 1.426), 2.5rem);line-height:1;text-transform:uppercase\"><s>Why<\/s> do we use Cognitive Sciences?<\/h2>\n\n\n\n<div style=\"height:16px\" aria-hidden=\"true\" class=\"wp-block-spacer\"><\/div>\n\n\n\n<p style=\"font-size:clamp(1.125rem, 1.125rem + ((1vw - 0.2rem) * 0.536), 1.5rem);line-height:1.3\">Understanding conscious and non-conscious processes at the root of our actions allows us to analyse and assess the impact of any message delivered by your Brand.<\/p>\n<\/div>\n<\/div>\n<\/div>\n<\/div>\n<\/div>\n<\/div>\n<\/div>\n<\/div>\n\n\n\n<div style=\"height:0px\" aria-hidden=\"true\" class=\"wp-block-spacer\"><\/div>\n\n\n\n<div id=\"mecanismes\" class=\"wp-block-group home-btm-parent is-layout-flow wp-block-group-is-layout-flow\" style=\"min-height:100%;padding-top:var(--wp--preset--spacing--40);padding-right:var(--wp--preset--spacing--50);padding-left:var(--wp--preset--spacing--50)\">\n<div class=\"wp-block-group is-layout-flow wp-block-group-is-layout-flow\">\n<div class=\"wp-block-columns is-layout-flex wp-container-core-columns-is-layout-3 wp-block-columns-is-layout-flex\">\n<div class=\"wp-block-column is-layout-flow wp-block-column-is-layout-flow\" style=\"--col-width:80%;flex-basis:80%\">\n<h2 class=\"wp-block-heading home-btm-child has-contrast-2-color has-text-color has-link-color wp-elements-beb769ab68a81e12d040f42c011d93cd tw-block-animation tw-animation-fade-in-up translation-block\" id=\"comprendre-les-mecanismes-du-cerveau-a-l-origine-de-nos-actions\" style=\"font-size:clamp(1.502rem, 1.502rem + ((1vw - 0.2rem) * 1.426), 2.5rem);line-height:1;text-transform:uppercase\">UNDERSTANDING THE BRAIN MECHANISMS  <br>BEHIND OUR ACTIONS:<\/h2>\n<\/div>\n\n\n\n<div class=\"wp-block-column is-layout-flow wp-container-core-column-is-layout-5 wp-block-column-is-layout-flow\" style=\"--col-width:20%;flex-basis:20%\"><\/div>\n<\/div>\n\n\n\n<div style=\"height:19px\" aria-hidden=\"true\" class=\"wp-block-spacer\"><\/div>\n\n\n\n<figure class=\"wp-block-image aligncenter size-full is-resized wp-duotone-unset-14 tw-block-animation tw-animation-fade-in-up\"><img loading=\"lazy\" decoding=\"async\" width=\"5874\" height=\"2010\" src=\"https:\/\/impactmemoire.com\/wp-content\/uploads\/2024\/02\/impactcerveau-02.png\" alt=\"\" class=\"wp-image-1966\" style=\"width:941px;height:auto\" srcset=\"https:\/\/impactmemoire.com\/wp-content\/uploads\/2024\/02\/impactcerveau-02.png 5874w, https:\/\/impactmemoire.com\/wp-content\/uploads\/2024\/02\/impactcerveau-02-300x103.png 300w, https:\/\/impactmemoire.com\/wp-content\/uploads\/2024\/02\/impactcerveau-02-1024x350.png 1024w, https:\/\/impactmemoire.com\/wp-content\/uploads\/2024\/02\/impactcerveau-02-768x263.png 768w, https:\/\/impactmemoire.com\/wp-content\/uploads\/2024\/02\/impactcerveau-02-1536x525.png 1536w, https:\/\/impactmemoire.com\/wp-content\/uploads\/2024\/02\/impactcerveau-02-2048x700.png 2048w, https:\/\/impactmemoire.com\/wp-content\/uploads\/2024\/02\/impactcerveau-02-18x6.png 18w\" sizes=\"auto, (max-width: 5874px) 100vw, 5874px\" \/><\/figure>\n\n\n\n<figure class=\"wp-block-image aligncenter size-full is-resized tw-lg-hidden tw-md-hidden tw-sm-hidden wp-duotone-unset-15 tw-block-animation tw-animation-fade-in-up\"><img loading=\"lazy\" decoding=\"async\" width=\"1964\" height=\"5181\" src=\"https:\/\/impactmemoire.com\/wp-content\/uploads\/2024\/02\/schema_mobile_1.png\" alt=\"\" class=\"wp-image-488\" style=\"width:184px;height:auto\" srcset=\"https:\/\/impactmemoire.com\/wp-content\/uploads\/2024\/02\/schema_mobile_1.png 1964w, https:\/\/impactmemoire.com\/wp-content\/uploads\/2024\/02\/schema_mobile_1-114x300.png 114w, https:\/\/impactmemoire.com\/wp-content\/uploads\/2024\/02\/schema_mobile_1-388x1024.png 388w, https:\/\/impactmemoire.com\/wp-content\/uploads\/2024\/02\/schema_mobile_1-768x2026.png 768w, https:\/\/impactmemoire.com\/wp-content\/uploads\/2024\/02\/schema_mobile_1-582x1536.png 582w, https:\/\/impactmemoire.com\/wp-content\/uploads\/2024\/02\/schema_mobile_1-776x2048.png 776w\" sizes=\"auto, (max-width: 1964px) 100vw, 1964px\" \/><\/figure>\n\n\n\n<div style=\"height:8px\" aria-hidden=\"true\" class=\"wp-block-spacer\"><\/div>\n\n\n\n<div class=\"wp-block-columns is-layout-flex wp-container-core-columns-is-layout-4 wp-block-columns-is-layout-flex\">\n<div class=\"wp-block-column is-layout-flow wp-block-column-is-layout-flow\">\n<p class=\"tw-block-animation tw-animation-fade-in-up translation-block\" style=\"font-size:clamp(1.125rem, 1.125rem + ((1vw - 0.2rem) * 0.536), 1.5rem);line-height:1.3\"><strong>Attention<\/strong> is a necessary condition for any memorization. It enables a message to stand out. The process of reasoning will help foster deeper processing.<\/p>\n<\/div>\n\n\n\n<div class=\"wp-block-column is-layout-flow wp-block-column-is-layout-flow\">\n<p class=\"has-contrast-color has-text-color has-link-color wp-elements-12e8844d65409982279f614f4446bd67 tw-block-animation tw-animation-fade-in-up translation-block\" style=\"--tw-animation-delay:0.2s;font-size:clamp(1.125rem, 1.125rem + ((1vw - 0.2rem) * 0.536), 1.5rem);line-height:1.3\"><strong>Emotion<\/strong> is a catalyst for memorization processes. Emotional experiences tend to be encoded and consolidated more effectively in memory (compared to neutral experiences), having a more lasting impact.<\/p>\n<\/div>\n\n\n\n<div class=\"wp-block-column is-layout-flow wp-block-column-is-layout-flow\">\n<p class=\"tw-block-animation tw-animation-fade-in-up translation-block\" style=\"--tw-animation-delay:0.4s;font-size:clamp(1.125rem, 1.125rem + ((1vw - 0.2rem) * 0.536), 1.5rem);line-height:1.3\"><strong>Perception<\/strong> involves the interpretation of visual, auditory stimuli, and other sensory signals. The resulting mental representation enables viewers to make sense of the stimuli.<\/p>\n<\/div>\n<\/div>\n<\/div>\n<\/div>\n\n\n\n<div style=\"height:60px\" aria-hidden=\"true\" class=\"wp-block-spacer\"><\/div>\n\n\n\n<div id=\"double-expertise\" class=\"wp-block-group home-btm-parent has-base-2-background-color has-background is-layout-flow wp-block-group-is-layout-flow\" style=\"min-height:100%;margin-top:0;margin-bottom:0;padding-top:0;padding-right:var(--wp--preset--spacing--50);padding-bottom:0;padding-left:var(--wp--preset--spacing--50)\">\n<div class=\"wp-block-group has-base-2-background-color has-background is-layout-flow wp-block-group-is-layout-flow\" style=\"padding-right:0;padding-left:0\">\n<h2 class=\"wp-block-heading home-btm-child tw-block-animation tw-animation-fade-in-up translation-block\" id=\"la-double-expertise-d-impact-memoire\" style=\"font-size:clamp(1.502rem, 1.502rem + ((1vw - 0.2rem) * 1.426), 2.5rem);line-height:1;text-transform:uppercase\">d\u2019Impact M\u00e9moire's<br>\n<s>Dual Expertise<\/s> :<\/h2>\n\n\n\n<div class=\"wp-block-columns is-layout-flex wp-container-core-columns-is-layout-5 wp-block-columns-is-layout-flex\" style=\"padding-top:0\">\n<div class=\"wp-block-column is-layout-flow wp-block-column-is-layout-flow\" style=\"--col-width:80%;flex-basis:80%\">\n<p class=\"tw-block-animation tw-animation-fade-in-up\" style=\"font-size:clamp(1.125rem, 1.125rem + ((1vw - 0.2rem) * 0.536), 1.5rem);line-height:1.3\">Founded in 2001, Impact M\u00e9moire emerged from the vision of three pioneers coming from different yet complementary fields.<\/p>\n\n\n\n<p class=\"tw-block-animation tw-animation-fade-in-up\" style=\"font-size:clamp(1.125rem, 1.125rem + ((1vw - 0.2rem) * 0.536), 1.5rem);line-height:1.3\">A communicator passionate about the power of messages, a neurologist specialized in brain and memory understanding, and an eminent researcher in cognitive sciences, all united by a common ambition : to revolutionise advertising effectiveness by combining sciences and communication.<\/p>\n<\/div>\n<\/div>\n<\/div>\n\n\n\n<div class=\"wp-block-columns is-layout-flex wp-container-core-columns-is-layout-6 wp-block-columns-is-layout-flex\">\n<div class=\"wp-block-column is-layout-flow wp-block-column-is-layout-flow\"><\/div>\n\n\n\n<div class=\"wp-block-column is-layout-flow wp-block-column-is-layout-flow\"><\/div>\n<\/div>\n<\/div>\n\n\n\n<div class=\"wp-block-group is-layout-flow wp-block-group-is-layout-flow\" style=\"margin-top:0;margin-bottom:0;padding-top:0;padding-bottom:0\">\n<div class=\"wp-block-group alignfull has-base-2-background-color has-background has-global-padding is-layout-constrained wp-block-group-is-layout-constrained\" style=\"padding-top:0;padding-bottom:var(--wp--preset--spacing--20)\">\n<div class=\"wp-block-columns alignwide tw-justify-center is-layout-flex wp-container-core-columns-is-layout-7 wp-block-columns-is-layout-flex tw-block-animation tw-animation-fade-in-up tw-cols-h-gap\" style=\"padding-top:0;padding-right:0;padding-bottom:0;padding-left:0\">\n<div class=\"wp-block-column border-right-orange is-layout-flow wp-block-column-is-layout-flow\" style=\"padding-top:0;padding-right:var(--wp--preset--spacing--20);padding-bottom:0;padding-left:0\">\n<div class=\"wp-block-group titles-box has-background is-layout-flow wp-container-core-group-is-layout-11 wp-block-group-is-layout-flow\" style=\"background-color:#f5ddcb00;min-height:150px;padding-top:var(--wp--preset--spacing--20);padding-bottom:var(--wp--preset--spacing--20)\">\n<h3 class=\"wp-block-heading has-text-align-center names\" id=\"bruno-poyet\" style=\"font-size:clamp(1.125rem, 1.125rem + ((1vw - 0.2rem) * 0.536), 1.5rem);font-style:normal;font-weight:400\">Bruno Poyet<\/h3>\n\n\n\n<div class=\"wp-block-group highlighter-box has-base-color has-contrast-2-background-color has-text-color has-background has-link-color wp-elements-23664e84ea51f6c7e8bde05f313dbe11 has-global-padding is-layout-constrained wp-block-group-is-layout-constrained\" style=\"border-radius:10px;padding-top:0px;padding-right:6px;padding-bottom:6px;padding-left:6px\">\n<p class=\"has-text-align-center has-text-color has-medium-font-size\" style=\"color:#ffffff;margin-top:8px;line-height:1.2;text-transform:uppercase\"><span>PrESIDENT<\/span><\/p>\n<\/div>\n<\/div>\n\n\n\n<p class=\"has-text-align-left\" style=\"font-size:clamp(1.125rem, 1.125rem + ((1vw - 0.2rem) * 0.179), 1.25rem);line-height:1.3\">Graduate of the ECAM engineering school and holder of a post-graduate degree in Business Administration. Over 25 years of experience in advertising and media. Founded Climat M\u00e9dias, an independent Paris-based media consultancy, in 1993.<\/p>\n\n\n\n<div style=\"height:40px\" aria-hidden=\"true\" class=\"wp-block-spacer tw-lg-hidden tw-md-hidden\"><\/div>\n<\/div>\n\n\n\n<div class=\"wp-block-column border-right-orange is-layout-flow wp-block-column-is-layout-flow\" style=\"padding-top:0;padding-right:var(--wp--preset--spacing--20);padding-bottom:var(--wp--preset--spacing--20);padding-left:0\">\n<div class=\"wp-block-group titles-box has-background is-layout-flow wp-container-core-group-is-layout-13 wp-block-group-is-layout-flow\" style=\"background-color:#f5ddcb00;min-height:150px;padding-top:var(--wp--preset--spacing--20);padding-bottom:var(--wp--preset--spacing--20)\">\n<h3 class=\"wp-block-heading has-text-align-center names\" id=\"olivier-konig\" style=\"font-size:clamp(1.125rem, 1.125rem + ((1vw - 0.2rem) * 0.536), 1.5rem);font-style:normal;font-weight:400\">Olivier Konig<\/h3>\n\n\n\n<div class=\"wp-block-group highlighter-box has-base-color has-contrast-2-background-color has-text-color has-background has-link-color wp-elements-471773ce51ef60d129577331d2bf0784 has-global-padding is-layout-constrained wp-block-group-is-layout-constrained\" style=\"border-radius:10px;padding-top:0px;padding-right:6px;padding-bottom:6px;padding-left:6px\">\n<p class=\"has-text-align-center has-text-color\" style=\"color:#ffffff;margin-top:8px;font-size:clamp(18px, 1.125rem + ((1vw - 3.2px) * 0.179), 20px);line-height:1.2;text-transform:uppercase\"><span>Professor in cognitive sciences<\/span><\/p>\n<\/div>\n<\/div>\n\n\n\n<p class=\"has-text-align-left\" style=\"font-size:clamp(1.125rem, 1.125rem + ((1vw - 0.2rem) * 0.179), 1.25rem);line-height:1.3\">Author and co-author of numerous scientific publications within the subject of visual perception, memory and emotions. Head of a research lab in Lyon after severs years of academic research.<\/p>\n\n\n\n<div style=\"height:40px\" aria-hidden=\"true\" class=\"wp-block-spacer tw-lg-hidden tw-md-hidden\"><\/div>\n<\/div>\n\n\n\n<div class=\"wp-block-column is-layout-flow wp-block-column-is-layout-flow\" style=\"padding-top:0;padding-right:0;padding-bottom:0;padding-left:0\">\n<div class=\"wp-block-group titles-box has-background is-layout-flow wp-container-core-group-is-layout-15 wp-block-group-is-layout-flow\" style=\"background-color:#f5ddcb00;min-height:150px;padding-top:var(--wp--preset--spacing--20);padding-bottom:var(--wp--preset--spacing--20)\">\n<h3 class=\"wp-block-heading has-text-align-center names has-contrast-2-color has-text-color has-link-color wp-elements-de5f787c70ea33faa9209493dc5c9f16\" id=\"bernard-croisile\" style=\"font-size:clamp(1.125rem, 1.125rem + ((1vw - 0.2rem) * 0.536), 1.5rem);font-style:normal;font-weight:400\">Bernard Croisile<\/h3>\n\n\n\n<div class=\"wp-block-group highlighter-box has-base-color has-contrast-2-background-color has-text-color has-background has-link-color wp-elements-dcf2192cf76733b037a5d85bd0ded40a is-layout-flow wp-block-group-is-layout-flow\" style=\"border-radius:10px;padding-top:0px;padding-right:6px;padding-bottom:6px;padding-left:6px\">\n<p class=\"has-text-align-center has-text-color has-medium-font-size\" style=\"color:#ffffff;margin-top:8px;line-height:1.2;text-transform:uppercase\"><span>Neurologist<\/span><\/p>\n<\/div>\n<\/div>\n\n\n\n<p class=\"has-text-align-left\" style=\"font-size:clamp(1.125rem, 1.125rem + ((1vw - 0.2rem) * 0.179), 1.25rem);line-height:1.3\">Head of the neurology, cognitive functions, linguistic and memory department at the Neurological Hospital of Lyon. Author of several books on the subject of Memory published by Odile Jacob.<\/p>\n\n\n\n<div style=\"height:40px\" aria-hidden=\"true\" class=\"wp-block-spacer tw-lg-hidden tw-md-hidden\"><\/div>\n<\/div>\n<\/div>\n<\/div>\n<\/div>\n\n\n\n<div style=\"height:60px\" aria-hidden=\"true\" class=\"wp-block-spacer\"><\/div>\n\n\n\n<div id=\"methodo\" class=\"wp-block-group home-btm-parent is-layout-flow wp-block-group-is-layout-flow\" style=\"min-height:100%;padding-right:var(--wp--preset--spacing--50);padding-left:var(--wp--preset--spacing--50)\">\n<div class=\"wp-block-group is-layout-flow wp-block-group-is-layout-flow\">\n<div class=\"wp-block-columns is-layout-flex wp-container-core-columns-is-layout-8 wp-block-columns-is-layout-flex\">\n<div class=\"wp-block-column is-layout-flow wp-block-column-is-layout-flow\" style=\"--col-width:66%;flex-basis:66%\">\n<h2 class=\"wp-block-heading home-btm-child tw-block-animation tw-animation-fade-in-up translation-block\" id=\"la-methodologie\" style=\"font-size:clamp(1.502rem, 1.502rem + ((1vw - 0.2rem) * 1.426), 2.5rem);line-height:1;text-transform:uppercase\"><s>Methodology<\/s><\/h2>\n\n\n\n<div style=\"height:16px\" aria-hidden=\"true\" class=\"wp-block-spacer\"><\/div>\n\n\n\n<p class=\"tw-block-animation tw-animation-fade-in-up translation-block\" style=\"font-size:clamp(1.125rem, 1.125rem + ((1vw - 0.2rem) * 0.536), 1.5rem);line-height:1.3\">The cognitive pre-test applies a unique methodology based on an exclusive scientific program, outcome of 10 years of R&amp;D. This program allows to assess the quality of your communication\u2019s memory trace thanks to a unique combination of experts and an algorithm.<\/p>\n<\/div>\n\n\n\n<div class=\"wp-block-column is-layout-flow wp-block-column-is-layout-flow\" style=\"--col-width:20%;flex-basis:20%\"><\/div>\n<\/div>\n<\/div>\n<\/div>\n\n\n\n<div class=\"wp-block-group has-global-padding is-layout-constrained wp-block-group-is-layout-constrained tw-block-animation tw-animation-fade-in-up\" style=\"margin-top:0;margin-bottom:0;padding-top:0;padding-bottom:0\">\n<figure class=\"wp-block-image aligncenter size-full tw-lg-hidden tw-md-hidden wp-duotone-unset-46\"><img loading=\"lazy\" decoding=\"async\" width=\"1570\" height=\"151\" src=\"https:\/\/impactmemoire.com\/wp-content\/uploads\/2024\/02\/methodology-en.png\" alt=\"\" class=\"wp-image-492\" style=\"object-fit:cover\" srcset=\"https:\/\/impactmemoire.com\/wp-content\/uploads\/2024\/02\/methodology-en.png 1418w, https:\/\/impactmemoire.com\/wp-content\/uploads\/2024\/02\/methodology-en-300x26.png 300w, https:\/\/impactmemoire.com\/wp-content\/uploads\/2024\/02\/methodology-en-1024x90.png 1024w, https:\/\/impactmemoire.com\/wp-content\/uploads\/2024\/02\/methodology-en-768x68.png 768w, https:\/\/impactmemoire.com\/wp-content\/uploads\/2024\/02\/methodology-en-18x2.png 18w\" sizes=\"auto, (max-width: 1570px) 100vw, 1570px\" \/><\/figure>\n<\/div>\n\n\n\n<div class=\"wp-block-group experts is-layout-flow wp-container-core-group-is-layout-23 wp-block-group-is-layout-flow\" style=\"margin-top:0;margin-bottom:0;padding-top:0;padding-right:var(--wp--preset--spacing--60);padding-bottom:0;padding-left:var(--wp--preset--spacing--60)\">\n<div class=\"wp-block-group has-global-padding is-layout-constrained wp-block-group-is-layout-constrained tw-block-animation tw-animation-fade-in-up\" style=\"margin-top:var(--wp--preset--spacing--30);margin-bottom:0\">\n<figure class=\"wp-block-image aligncenter size-full tw-sm-hidden wp-duotone-unset-48\"><img loading=\"lazy\" decoding=\"async\" width=\"1570\" height=\"151\" src=\"https:\/\/impactmemoire.com\/wp-content\/uploads\/2024\/02\/methodology-en.png\" alt=\"\" class=\"wp-image-492\" style=\"object-fit:cover\" srcset=\"https:\/\/impactmemoire.com\/wp-content\/uploads\/2024\/02\/methodology-en.png 1418w, https:\/\/impactmemoire.com\/wp-content\/uploads\/2024\/02\/methodology-en-300x26.png 300w, https:\/\/impactmemoire.com\/wp-content\/uploads\/2024\/02\/methodology-en-1024x90.png 1024w, https:\/\/impactmemoire.com\/wp-content\/uploads\/2024\/02\/methodology-en-768x68.png 768w, https:\/\/impactmemoire.com\/wp-content\/uploads\/2024\/02\/methodology-en-18x2.png 18w\" sizes=\"auto, (max-width: 1570px) 100vw, 1570px\" \/><\/figure>\n<\/div>\n\n\n\n<div class=\"wp-block-group has-global-padding is-layout-constrained wp-block-group-is-layout-constrained tw-block-animation tw-animation-fade-in-up\">\n<div class=\"wp-block-columns is-layout-flex wp-container-core-columns-is-layout-9 wp-block-columns-is-layout-flex\" style=\"margin-top:0;margin-bottom:0\">\n<div class=\"wp-block-column is-layout-flow wp-block-column-is-layout-flow\">\n<p style=\"font-size:clamp(1.125rem, 1.125rem + ((1vw - 0.2rem) * 0.179), 1.25rem);line-height:1.3\" class=\" translation-block\">Using the scientific program, Impact Memoire\u2019s experts assess the communication through its ability to stimulate cognitive processes, necessary for generating behaviour. They answer to 150 scaled or closed-ended questions identified by Impact M\u00e9moire thanks to Cognitive Sciences to eliminate any bias.<\/p>\n<\/div>\n\n\n\n<div class=\"wp-block-column is-layout-flow wp-block-column-is-layout-flow\" style=\"--col-width:5%;flex-basis:5%\"><\/div>\n\n\n\n<div class=\"wp-block-column is-layout-flow wp-block-column-is-layout-flow\">\n<p style=\"font-size:clamp(1.125rem, 1.125rem + ((1vw - 0.2rem) * 0.179), 1.25rem);line-height:1.3\" class=\" translation-block\">Then, this program uses its algorithm to calculate 3 KPIs (impact, attribution, purchase facilitation) which will be analysed and explained in a comprehensive report outlining strengths, weaknesses as well as optimization routes.<\/p>\n<\/div>\n<\/div>\n<\/div>\n<\/div>\n\n\n\n<div style=\"height:87px\" aria-hidden=\"true\" class=\"wp-block-spacer\"><\/div>","protected":false},"excerpt":{"rendered":"<p>SCIENCESCOGNITIVES SCIENCES COGNITIVES POURQUOI UTILISONS-NOUS LES SCIENCES COGNITIVES? Les m\u00e9canismes du cerveau \u00e0 l\u2019origine de nos actions ont \u00e9t\u00e9 identifi\u00e9s \u2026 Comprendre ces m\u00e9canismes conscients et non-conscients nous permet d\u2019analyser tout message \u00e9mis par une Marque et d\u2019\u00e9valuer son impact. COMPRENDRE LES MECANISMES DU CERVEAU \u00c0 L&#8217;ORIGINE DE NOS ACTIONS: L\u2019Attention est une condition n\u00e9cessaire [&hellip;]<\/p>","protected":false},"author":1,"featured_media":1691,"parent":0,"menu_order":0,"comment_status":"closed","ping_status":"closed","template":"","meta":{"ghostkit_customizer_options":"","ghostkit_custom_css":"","ghostkit_custom_js_head":"","ghostkit_custom_js_foot":"","ghostkit_typography":"","footnotes":""},"class_list":["post-148","page","type-page","status-publish","has-post-thumbnail","hentry"],"_links":{"self":[{"href":"https:\/\/impactmemoire.com\/en\/wp-json\/wp\/v2\/pages\/148","targetHints":{"allow":["GET"]}}],"collection":[{"href":"https:\/\/impactmemoire.com\/en\/wp-json\/wp\/v2\/pages"}],"about":[{"href":"https:\/\/impactmemoire.com\/en\/wp-json\/wp\/v2\/types\/page"}],"author":[{"embeddable":true,"href":"https:\/\/impactmemoire.com\/en\/wp-json\/wp\/v2\/users\/1"}],"replies":[{"embeddable":true,"href":"https:\/\/impactmemoire.com\/en\/wp-json\/wp\/v2\/comments?post=148"}],"version-history":[{"count":205,"href":"https:\/\/impactmemoire.com\/en\/wp-json\/wp\/v2\/pages\/148\/revisions"}],"predecessor-version":[{"id":2299,"href":"https:\/\/impactmemoire.com\/en\/wp-json\/wp\/v2\/pages\/148\/revisions\/2299"}],"wp:featuredmedia":[{"embeddable":true,"href":"https:\/\/impactmemoire.com\/en\/wp-json\/wp\/v2\/media\/1691"}],"wp:attachment":[{"href":"https:\/\/impactmemoire.com\/en\/wp-json\/wp\/v2\/media?parent=148"}],"curies":[{"name":"wp","href":"https:\/\/api.w.org\/{rel}","templated":true}]}}