{"id":261,"date":"2024-01-25T10:46:26","date_gmt":"2024-01-25T10:46:26","guid":{"rendered":"https:\/\/impactmemoire.com\/?page_id=261"},"modified":"2026-03-06T14:59:26","modified_gmt":"2026-03-06T14:59:26","slug":"nos-solutions","status":"publish","type":"page","link":"https:\/\/impactmemoire.com\/en\/nos-solutions\/","title":{"rendered":"Our Solutions"},"content":{"rendered":"<div class=\"wp-block-group home-btm-parent has-global-padding is-layout-constrained wp-block-group-is-layout-constrained\" style=\"min-height:100%;margin-bottom:var(--wp--preset--spacing--10);padding-right:var(--wp--preset--spacing--50);padding-left:var(--wp--preset--spacing--50)\">\n<div class=\"wp-block-columns is-layout-flex wp-container-core-columns-is-layout-1 wp-block-columns-is-layout-flex\">\n<div class=\"wp-block-column is-vertically-aligned-top zindex is-layout-flow wp-block-column-is-layout-flow\" style=\"--col-width:50%;flex-basis:50%\">\n<p><strong>Measure, understand, and strengthen communication effectiveness<\/strong><\/p>\n\n\n\n<p style=\"font-size:clamp(1.125rem, 1.125rem + ((1vw - 0.2rem) * 0.536), 1.5rem);line-height:1.3\">Impact Memoire\u2019s Cognitive Analysis helps you assess how your communications perform, identify strengths and challenges, and optimize creative choices, so you can make earlier, more confident decisions. <\/p>\n\n\n\n<p style=\"font-size:clamp(1.125rem, 1.125rem + ((1vw - 0.2rem) * 0.536), 1.5rem);line-height:1.3\">Depending on your timeline, budget, or the level of analytical depth you need, Impact Memoire offers <strong>two complementary solution levels \u2014<\/strong>, both grounded in the same exclusive cognitive methodology.<\/p>\n<\/div>\n\n\n\n<div style=\"--col-width:;\" class=\"wp-block-column is-style-default is-layout-flow wp-block-column-is-layout-flow\">\n<figure class=\"wp-block-image aligncenter size-large is-resized\"><img loading=\"lazy\" decoding=\"async\" width=\"996\" height=\"1024\" src=\"https:\/\/impactmemoire.com\/wp-content\/uploads\/2026\/01\/elementgraphique_contourprogressif-04-1-1-996x1024.png\" alt=\"\" class=\"wp-image-2575\" style=\"width:388px;height:auto\" srcset=\"https:\/\/impactmemoire.com\/wp-content\/uploads\/2026\/01\/elementgraphique_contourprogressif-04-1-1-996x1024.png 996w, https:\/\/impactmemoire.com\/wp-content\/uploads\/2026\/01\/elementgraphique_contourprogressif-04-1-1-292x300.png 292w, https:\/\/impactmemoire.com\/wp-content\/uploads\/2026\/01\/elementgraphique_contourprogressif-04-1-1-768x790.png 768w, https:\/\/impactmemoire.com\/wp-content\/uploads\/2026\/01\/elementgraphique_contourprogressif-04-1-1-1494x1536.png 1494w, https:\/\/impactmemoire.com\/wp-content\/uploads\/2026\/01\/elementgraphique_contourprogressif-04-1-1-12x12.png 12w, https:\/\/impactmemoire.com\/wp-content\/uploads\/2026\/01\/elementgraphique_contourprogressif-04-1-1.png 1954w\" sizes=\"auto, (max-width: 996px) 100vw, 996px\" \/><\/figure>\n<\/div>\n<\/div>\n<\/div>\n\n\n\n<div id=\"pretest\" class=\"wp-block-group home-btm-parent is-layout-flow wp-block-group-is-layout-flow tw-block-animation tw-animation-fade-in-up\" style=\"min-height:100%;margin-top:0;margin-bottom:0;padding-top:var(--wp--preset--spacing--40);padding-right:var(--wp--preset--spacing--50);padding-bottom:0;padding-left:var(--wp--preset--spacing--50)\">\n<div class=\"wp-block-group has-background is-layout-flow wp-block-group-is-layout-flow\" style=\"background-color:#ffffff00;padding-top:0;padding-right:0;padding-bottom:0;padding-left:0\">\n<div class=\"ghostkit-grid ghostkit-grid-gap-md\"><div class=\"ghostkit-grid-inner\">\n<div class=\"ghostkit-col ghostkit-col-md-12 ghostkit-col-7\"><div class=\"ghostkit-col-content is-layout-flow wp-block-ghostkit-grid-column-is-layout-flow\">\n<p><mark style=\"background-color:rgba(0, 0, 0, 0)\" class=\"has-inline-color has-base-color\"><strong>What makes it different: <\/strong><\/mark><\/p>\n\n\n\n<h2 class=\"wp-block-heading\" id=\"analyses-toplines-nouveau\"><s><strong>TOPLINE <s><strong>TOPLINES<\/strong><\/s><\/strong> <\/s> - NEW !!!<\/h2>\n<\/div><\/div>\n\n\n\n<div class=\"ghostkit-col ghostkit-col-md-12 ghostkit-col-5\"><div class=\"ghostkit-col-content is-layout-flow wp-block-ghostkit-grid-column-is-layout-flow\">\n<figure class=\"wp-block-image size-full is-resized\"><img loading=\"lazy\" decoding=\"async\" width=\"1000\" height=\"500\" src=\"https:\/\/impactmemoire.com\/wp-content\/uploads\/2026\/02\/Logo-IMFlash.AI_avec-tagline-EN-1.png\" alt=\"\" class=\"wp-image-2660\" style=\"width:471px;height:auto\" srcset=\"https:\/\/impactmemoire.com\/wp-content\/uploads\/2026\/02\/Logo-IMFlash.AI_avec-tagline-EN-1.png 1000w, https:\/\/impactmemoire.com\/wp-content\/uploads\/2026\/02\/Logo-IMFlash.AI_avec-tagline-EN-1-300x150.png 300w, https:\/\/impactmemoire.com\/wp-content\/uploads\/2026\/02\/Logo-IMFlash.AI_avec-tagline-EN-1-768x384.png 768w, https:\/\/impactmemoire.com\/wp-content\/uploads\/2026\/02\/Logo-IMFlash.AI_avec-tagline-EN-1-18x9.png 18w\" sizes=\"auto, (max-width: 1000px) 100vw, 1000px\" \/><\/figure>\n<\/div><\/div>\n<\/div><\/div>\n\n\n\n<p style=\"font-size:clamp(1.125rem, 1.125rem + ((1vw - 0.2rem) * 0.536), 1.5rem);line-height:1.3\"><strong>IM\/FLASH.AI : A fast, reliable cognitive diagnostic of your creative, delivered in 24 hours - powered by AI and validated by Impact Memoire experts.<\/strong>                                                                           <\/p>\n\n\n\n<p style=\"font-size:clamp(1.125rem, 1.125rem + ((1vw - 0.2rem) * 0.536), 1.5rem);line-height:1.3\">When timelines are tight, budgets constrained, or you need to quickly validate an intuition, it\u2019s essential to make decisions without compromising reliability. <strong>IM\/FLASH.AI<\/strong> delivers a <strong>topline analysis<\/strong>, rigorously applying <strong>Impact Memoire\u2019s exclusive cognitive methodology <\/strong>to assess the five key drivers of advertising effectiveness. <\/p>\n\n\n\n<div class=\"ghostkit-grid ghostkit-grid-gap-md\"><div class=\"ghostkit-grid-inner\">\n<div class=\"ghostkit-col ghostkit-col-md-12 ghostkit-col-6\"><div class=\"ghostkit-col-content is-layout-flow wp-block-ghostkit-grid-column-is-layout-flow\">\n<p style=\"font-size:clamp(1.125rem, 1.125rem + ((1vw - 0.2rem) * 0.536), 1.5rem);line-height:1.3\"><strong>What makes it different: <\/strong><\/p>\n\n\n\n<ul>\n<li>Cognitive science applied at speed through AI<\/li>\n\n\n\n<li>Expert validation to ensure a robust assessment<\/li>\n\n\n\n<li>A dashboard designed for immediate action<\/li>\n<\/ul>\n\n\n\n<p style=\"font-size:clamp(1.125rem, 1.125rem + ((1vw - 0.2rem) * 0.536), 1.5rem);line-height:1.3\"><strong>In 24 hours<\/strong>, you get:<\/p>\n\n\n\n<ul class=\"is-style-tw-checkmark\">\n<li>A clear view of what works\u2014and what doesn\u2019t<\/li>\n\n\n\n<li>A clear assessment of the key drivers of effectiveness<\/li>\n\n\n\n<li>Concrete decision support: what to keep, refine, or change<\/li>\n<\/ul>\n<\/div><\/div>\n\n\n\n<div class=\"ghostkit-col ghostkit-col-md-12 ghostkit-col-6\"><div class=\"ghostkit-col-content is-layout-flow wp-block-ghostkit-grid-column-is-layout-flow\">\n<figure class=\"wp-block-embed is-type-video is-provider-youtube wp-block-embed-youtube wp-embed-aspect-16-9 wp-has-aspect-ratio\"><div class=\"wp-block-embed__wrapper\">\n<iframe loading=\"lazy\" title=\"Innovation IM\/FLASH.AI: le test publicitaire augment\u00e9 par IA\" width=\"500\" height=\"281\" src=\"https:\/\/www.youtube.com\/embed\/2M-p8AMyhXg?feature=oembed&#038;enablejsapi=1&#038;origin=https:\/\/impactmemoire.com\" frameborder=\"0\" allow=\"accelerometer; autoplay; clipboard-write; encrypted-media; gyroscope; picture-in-picture; web-share\" referrerpolicy=\"strict-origin-when-cross-origin\" allowfullscreen><\/iframe>\n<\/div><\/figure>\n<\/div><\/div>\n<\/div><\/div>\n<\/div>\n\n\n\n<div style=\"height:100px\" aria-hidden=\"true\" class=\"wp-block-spacer\"><\/div>\n<\/div>\n\n\n\n<div style=\"height:11px\" aria-hidden=\"true\" class=\"wp-block-spacer\"><\/div>\n\n\n\n<div id=\"post\" class=\"wp-block-group home-btm-parent zindex has-base-2-background-color has-background has-global-padding is-layout-constrained wp-block-group-is-layout-constrained tw-block-animation tw-animation-fade-in\" style=\"min-height:100%;padding-top:0;padding-right:var(--wp--preset--spacing--50);padding-bottom:0;padding-left:var(--wp--preset--spacing--50)\">\n<div class=\"wp-block-group has-base-2-background-color has-background is-layout-flow wp-block-group-is-layout-flow tw-block-animation tw-animation-fade-in\" style=\"padding-top:var(--wp--preset--spacing--50);padding-right:0;padding-bottom:var(--wp--preset--spacing--50);padding-left:0\">\n<div class=\"wp-block-columns is-layout-flex wp-container-core-columns-is-layout-2 wp-block-columns-is-layout-flex\">\n<div class=\"wp-block-column is-layout-flow wp-block-column-is-layout-flow\" style=\"--col-width:66.66%;flex-basis:66.66%\">\n<h2 class=\"wp-block-heading home-btm-child tw-block-animation tw-animation-fade-in-up\" id=\"analyses-avancees\" style=\"font-size:clamp(1.502rem, 1.502rem + ((1vw - 0.2rem) * 1.426), 2.5rem);line-height:1;text-transform:uppercase\"><strong><s><strong> ADVANCED ANALYSES  <\/strong><\/s><\/strong><\/h2>\n<\/div>\n<\/div>\n\n\n\n<p><strong><mark style=\"background-color:rgba(0, 0, 0, 0)\" class=\"has-inline-color has-contrast-2-color\">For a deeper understanding of how your creative performs<\/mark><\/strong><\/p>\n\n\n\n<div class=\"ghostkit-grid ghostkit-grid-gap-md\"><div class=\"ghostkit-grid-inner\">\n<div class=\"ghostkit-col\"><div class=\"ghostkit-col-content is-layout-flow wp-block-ghostkit-grid-column-is-layout-flow\">\n<p class=\"tw-block-animation tw-animation-fade-in-up\" style=\"font-size:clamp(1.125rem, 1.125rem + ((1vw - 0.2rem) * 0.536), 1.5rem);line-height:1.3\"><strong>To deeply analyze the performance of a creative execution<\/strong>.<\/p>\n\n\n\n<p class=\"tw-block-animation tw-animation-fade-in-up\" style=\"font-size:clamp(1.125rem, 1.125rem + ((1vw - 0.2rem) * 0.536), 1.5rem);line-height:1.3\">Built on our proprietary methodology, <strong>Impact Memoire\u2019s advanced analyses<\/strong> uncover the cognitive drivers behind your TV, digital, OOH, or packaging assets.<\/p>\n\n\n\n<p class=\"tw-block-animation tw-animation-fade-in-up\" style=\"font-size:clamp(1.125rem, 1.125rem + ((1vw - 0.2rem) * 0.536), 1.5rem);line-height:1.3\"><strong>What makes it different: <\/strong>                                                                                                                                                                                        <\/p>\n\n\n\n<p class=\"tw-block-animation tw-animation-fade-in-up\" style=\"font-size:clamp(1.125rem, 1.125rem + ((1vw - 0.2rem) * 0.536), 1.5rem);line-height:1.3\">They help you answer critical questions:<\/p>\n\n\n\n<ul>\n<li>What truly drives memorability in your creative?<\/li>\n\n\n\n<li>What strengthens, or weakens, brand attribution?<\/li>\n\n\n\n<li>Which emotions enhance engagement (and which create friction)?<\/li>\n\n\n\n<li>Which levers should you prioritize to improve overall impact?<\/li>\n\n\n\n<li>How does performance vary across key markets? (international validation)<\/li>\n<\/ul>\n\n\n\n<p class=\"tw-block-animation tw-animation-fade-in-up\" style=\"font-size:clamp(1.125rem, 1.125rem + ((1vw - 0.2rem) * 0.536), 1.5rem);line-height:1.3\"><strong>Objective<\/strong><\/p>\n\n\n\n<p class=\"tw-block-animation tw-animation-fade-in-up\" style=\"font-size:clamp(1.125rem, 1.125rem + ((1vw - 0.2rem) * 0.536), 1.5rem);line-height:1.3\">To <strong>uncover the real drivers of performance<\/strong>To uncover the real drivers of performance, bring clarity to creative decisions, and guide strategic and creative optimization.<\/p>\n\n\n\n<p class=\"tw-block-animation tw-animation-fade-in-up\" style=\"font-size:clamp(1.125rem, 1.125rem + ((1vw - 0.2rem) * 0.536), 1.5rem);line-height:1.3\"><strong>Who is it for?<\/strong><\/p>\n\n\n\n<ul style=\"font-size:clamp(1.125rem, 1.125rem + ((1vw - 0.2rem) * 0.536), 1.5rem);line-height:1.3\" class=\"is-style-tw-checkmark\">\n<li>High-stakes strategic projects<\/li>\n\n\n\n<li>Development, screening, optimization, or creative redesign phases<\/li>\n\n\n\n<li>Situations requiring deep, actionable diagnostic insights<\/li>\n<\/ul>\n\n\n\n<div style=\"font-size:clamp(1.125rem, 1.125rem + ((1vw - 0.2rem) * 0.536), 1.5rem);line-height:1.3;height:31px\" aria-hidden=\"true\" class=\"wp-block-spacer\"><\/div>\n\n\n\n<div class=\"ghostkit-grid ghostkit-grid-gap-md\"><div class=\"ghostkit-grid-inner\">\n<div class=\"ghostkit-col ghostkit-col-md-12 ghostkit-col-6\"><div class=\"ghostkit-col-content is-layout-flow wp-block-ghostkit-grid-column-is-layout-flow\">\n<figure class=\"wp-block-image size-large is-resized\"><img loading=\"lazy\" decoding=\"async\" width=\"1024\" height=\"576\" src=\"https:\/\/impactmemoire.com\/wp-content\/uploads\/2026\/01\/Visuel-livrables-.jpg\" alt=\"\" class=\"wp-image-2583\" style=\"width:611px;height:auto\" srcset=\"https:\/\/impactmemoire.com\/wp-content\/uploads\/2026\/01\/Visuel-livrables-.jpg 1920w, https:\/\/impactmemoire.com\/wp-content\/uploads\/2026\/01\/Visuel-livrables--300x169.jpg 300w, https:\/\/impactmemoire.com\/wp-content\/uploads\/2026\/01\/Visuel-livrables--1024x576.jpg 1024w, https:\/\/impactmemoire.com\/wp-content\/uploads\/2026\/01\/Visuel-livrables--768x432.jpg 768w, https:\/\/impactmemoire.com\/wp-content\/uploads\/2026\/01\/Visuel-livrables--1536x864.jpg 1536w, https:\/\/impactmemoire.com\/wp-content\/uploads\/2026\/01\/Visuel-livrables--18x10.jpg 18w\" sizes=\"auto, (max-width: 1024px) 100vw, 1024px\" \/><\/figure>\n<\/div><\/div>\n\n\n\n<div class=\"ghostkit-col ghostkit-col-md-12 ghostkit-col-6\"><div class=\"ghostkit-col-content is-layout-flow wp-block-ghostkit-grid-column-is-layout-flow\">\n<figure class=\"wp-block-image aligncenter size-large is-resized\"><img loading=\"lazy\" decoding=\"async\" width=\"1024\" height=\"576\" src=\"https:\/\/impactmemoire.com\/wp-content\/uploads\/2026\/01\/Capture-decran-2026-01-09-a-15.15.11.png\" alt=\"\" class=\"wp-image-2599\" style=\"width:615px;height:auto\" srcset=\"https:\/\/impactmemoire.com\/wp-content\/uploads\/2026\/01\/Capture-decran-2026-01-09-a-15.15.11.png 730w, https:\/\/impactmemoire.com\/wp-content\/uploads\/2026\/01\/Capture-decran-2026-01-09-a-15.15.11-300x171.png 300w, https:\/\/impactmemoire.com\/wp-content\/uploads\/2026\/01\/Capture-decran-2026-01-09-a-15.15.11-18x10.png 18w\" sizes=\"auto, (max-width: 1024px) 100vw, 1024px\" \/><\/figure>\n<\/div><\/div>\n<\/div><\/div>\n<\/div><\/div>\n<\/div><\/div>\n<\/div>\n<\/div>\n\n\n\n<div id=\"plus-loin\" class=\"wp-block-group home-btm-parent ghostkit-custom-ZLTfbG is-layout-flow wp-block-group-is-layout-flow tw-block-animation tw-animation-fade-in\" style=\"min-height:100%;margin-top:0;margin-bottom:0;padding-top:var(--wp--preset--spacing--40);padding-right:var(--wp--preset--spacing--50);padding-bottom:0;padding-left:var(--wp--preset--spacing--50)\">\n<div class=\"wp-block-group has-background is-layout-flow wp-block-group-is-layout-flow\" style=\"background-color:#ffffff00;padding-top:0;padding-right:0;padding-bottom:0;padding-left:0\">\n<div class=\"wp-block-columns home-btm-child is-layout-flex wp-container-core-columns-is-layout-3 wp-block-columns-is-layout-flex\" style=\"font-size:clamp(1.502rem, 1.502rem + ((1vw - 0.2rem) * 1.426), 2.5rem);line-height:1;text-transform:uppercase\">\n<div class=\"wp-block-column is-layout-flow wp-block-column-is-layout-flow\" style=\"--col-width:66.66%;flex-basis:66.66%\">\n<h2 class=\"wp-block-heading home-btm-child tw-block-animation tw-animation-fade-in-up\" id=\"pre-test-post-test-une-continuite-de-solutions\" style=\"font-size:clamp(1.502rem, 1.502rem + ((1vw - 0.2rem) * 1.426), 2.5rem);line-height:1;text-transform:uppercase\"><nobr><s>PRE-TEST &amp; POST-TEST<\/s><\/nobr> : A CONTINUOUS SOLUTION FRAMEWORK<\/h2>\n<\/div>\n<\/div>\n\n\n\n<div style=\"height:16px\" aria-hidden=\"true\" class=\"wp-block-spacer\"><\/div>\n\n\n\n<div class=\"wp-block-columns is-layout-flex wp-container-core-columns-is-layout-4 wp-block-columns-is-layout-flex\" style=\"font-size:clamp(1.125rem, 1.125rem + ((1vw - 0.2rem) * 0.536), 1.5rem);line-height:1.3\">\n<div class=\"wp-block-column is-layout-flow wp-block-column-is-layout-flow\" style=\"--col-width:100%;flex-basis:100%\">\n<p class=\"tw-block-animation tw-animation-fade-in-up\" style=\"font-size:clamp(1.125rem, 1.125rem + ((1vw - 0.2rem) * 0.536), 1.5rem);line-height:1.3\"><strong><mark style=\"background-color:rgba(0, 0, 0, 0)\" class=\"has-inline-color has-contrast-2-color\">Pre-test \u2013 Secure effectiveness before launch<\/mark><\/strong><\/p>\n\n\n\n<p class=\"tw-block-animation tw-animation-fade-in-up\" style=\"font-size:clamp(1.125rem, 1.125rem + ((1vw - 0.2rem) * 0.536), 1.5rem);line-height:1.3\">Whether through <strong>Advanced Analyses<\/strong> or <strong>IM\/FLASH.AI<\/strong>, Impact Memoire supports you from the earliest creative stages so you can validate choices, reduce risk ad budgets, and maximize campaign potential. <\/p>\n\n\n\n<p class=\"tw-block-animation tw-animation-fade-in-up\" style=\"font-size:clamp(1.125rem, 1.125rem + ((1vw - 0.2rem) * 0.536), 1.5rem);line-height:1.3\"><strong><mark style=\"background-color:rgba(0, 0, 0, 0)\" class=\"has-inline-color has-contrast-2-color\">Post-test \u2013 Insights and optimization for live or completed campaigns<\/mark><\/strong><\/p>\n\n\n\n<p class=\"tw-block-animation tw-animation-fade-in-up\" style=\"font-size:clamp(1.125rem, 1.125rem + ((1vw - 0.2rem) * 0.536), 1.5rem);line-height:1.3\">Our analyses help you:<\/p>\n\n\n\n<ul>\n<li>Optimize campaigns currently running or planned for re-airing<\/li>\n\n\n\n<li>Identify key moments for short-format adaptations<\/li>\n\n\n\n<li>Capture learnings through effectiveness reviews, benchmarks, and recommendations<\/li>\n<\/ul>\n\n\n\n<p class=\"tw-block-animation tw-animation-fade-in-up\" style=\"font-size:clamp(1.125rem, 1.125rem + ((1vw - 0.2rem) * 0.536), 1.5rem);line-height:1.3\"><strong>Whatever your need<\/strong><\/p>\n\n\n\n<ul>\n<li>Faster validation<\/li>\n\n\n\n<li>Time or budget constraints<\/li>\n\n\n\n<li>In-depth strategic analysis<\/li>\n<\/ul>\n\n\n\n<p class=\"tw-block-animation tw-animation-fade-in-up\" style=\"font-size:clamp(1.125rem, 1.125rem + ((1vw - 0.2rem) * 0.536), 1.5rem);line-height:1.3\"><strong>Impact Memoire helps you decide faster and better, by strengthening the performance of your campaigns<\/strong>, through tailored solutions built on a unique, proven cognitive methodology.<br><br><a href=\"https:\/\/impactmemoire.com\/en\/contact\/#form\" data-type=\"page\" data-id=\"294\"><mark style=\"background-color:rgba(0, 0, 0, 0)\" class=\"has-inline-color has-contrast-2-color\">Contact us for more information<\/mark><\/a><\/p>\n\n\n\n<div style=\"height:56px\" aria-hidden=\"true\" class=\"wp-block-spacer\"><\/div>\n<\/div>\n<\/div>\n<\/div>\n<\/div>","protected":false},"excerpt":{"rendered":"<p>Mesurez, comprenez et s\u00e9curisez l\u2019efficacit\u00e9 de vos communications L\u2019Analyse Cognitive d\u2019Impact M\u00e9moire vous permet d\u2019\u00e9valuer la performance de vos communications, de comprendre leurs forces et leurs enjeux, et d\u2019optimiser vos choix cr\u00e9atifs pour d\u00e9cider plus t\u00f4t et plus s\u00fbrement. Selon vos contraintes de d\u00e9lais, de budget ou de profondeur d\u2019analyse attendue, Impact M\u00e9moire propose aujourd\u2019hui [&hellip;]<\/p>","protected":false},"author":1,"featured_media":1691,"parent":0,"menu_order":0,"comment_status":"closed","ping_status":"closed","template":"","meta":{"ghostkit_customizer_options":"","ghostkit_custom_css":"","ghostkit_custom_js_head":"","ghostkit_custom_js_foot":"","ghostkit_typography":"","footnotes":""},"class_list":["post-261","page","type-page","status-publish","has-post-thumbnail","hentry"],"_links":{"self":[{"href":"https:\/\/impactmemoire.com\/en\/wp-json\/wp\/v2\/pages\/261","targetHints":{"allow":["GET"]}}],"collection":[{"href":"https:\/\/impactmemoire.com\/en\/wp-json\/wp\/v2\/pages"}],"about":[{"href":"https:\/\/impactmemoire.com\/en\/wp-json\/wp\/v2\/types\/page"}],"author":[{"embeddable":true,"href":"https:\/\/impactmemoire.com\/en\/wp-json\/wp\/v2\/users\/1"}],"replies":[{"embeddable":true,"href":"https:\/\/impactmemoire.com\/en\/wp-json\/wp\/v2\/comments?post=261"}],"version-history":[{"count":132,"href":"https:\/\/impactmemoire.com\/en\/wp-json\/wp\/v2\/pages\/261\/revisions"}],"predecessor-version":[{"id":2668,"href":"https:\/\/impactmemoire.com\/en\/wp-json\/wp\/v2\/pages\/261\/revisions\/2668"}],"wp:featuredmedia":[{"embeddable":true,"href":"https:\/\/impactmemoire.com\/en\/wp-json\/wp\/v2\/media\/1691"}],"wp:attachment":[{"href":"https:\/\/impactmemoire.com\/en\/wp-json\/wp\/v2\/media?parent=261"}],"curies":[{"name":"wp","href":"https:\/\/api.w.org\/{rel}","templated":true}]}}