{"id":369,"date":"2024-02-05T14:12:59","date_gmt":"2024-02-05T14:12:59","guid":{"rendered":"https:\/\/impactmemoire.com\/?page_id=369"},"modified":"2024-02-26T20:39:53","modified_gmt":"2024-02-26T20:39:53","slug":"actualites","status":"publish","type":"page","link":"https:\/\/impactmemoire.com\/en\/actualites\/","title":{"rendered":"News"},"content":{"rendered":"<div class=\"wp-block-query alignwide is-layout-flow wp-block-query-is-layout-flow\">\n<div class=\"wp-block-group has-global-padding is-layout-constrained wp-block-group-is-layout-constrained\"><ul class=\"wp-block-categories-list categories wp-block-categories has-small-font-size\">\t<li class=\"cat-item cat-item-10\"><a href=\"https:\/\/impactmemoire.com\/en\/category\/actualite\/\">News<\/a>\n<\/li>\n\t<li class=\"cat-item cat-item-7\"><a href=\"https:\/\/impactmemoire.com\/en\/category\/article\/\">Articles<\/a>\n<\/li>\n\t<li class=\"cat-item cat-item-11\"><a href=\"https:\/\/impactmemoire.com\/en\/category\/etude\/\">Study<\/a>\n<\/li>\n\t<li class=\"cat-item cat-item-12\"><a href=\"https:\/\/impactmemoire.com\/en\/category\/evenement\/\">Events<\/a>\n<\/li>\n\t<li class=\"cat-item cat-item-9\"><a href=\"https:\/\/impactmemoire.com\/en\/category\/interview\/\">Interviews<\/a>\n<\/li>\n\t<li class=\"cat-item cat-item-15\"><a href=\"https:\/\/impactmemoire.com\/en\/category\/tribune\/\">Editorials<\/a>\n<\/li>\n<\/ul><\/div>\n\n\n\n<div class=\"wp-block-group has-global-padding is-layout-constrained wp-block-group-is-layout-constrained\"><ul class=\"columns-3 wp-block-post-template is-layout-grid wp-container-core-post-template-is-layout-1 wp-block-post-template-is-layout-grid tw-cols-large\"><li class=\"wp-block-post post-2713 post type-post status-publish format-standard has-post-thumbnail hentry category-actualite category-article\">\n\n<div class=\"wp-block-group has-contrast-2-color has-text-color has-background has-link-color tw-stretched-link wp-elements-219fc66225032124731bbaa67a82a744 is-vertical is-layout-flex wp-container-core-group-is-layout-4 wp-block-group-is-layout-flex\" style=\"border-radius:0px;background-color:#f5ddcb00;min-height:100%;font-size:clamp(1.125rem, 1.125rem + ((1vw - 0.2rem) * 0.536), 1.5rem);line-height:1.3\">\n<div class=\"wp-block-group is-layout-flow wp-block-group-is-layout-flow\" style=\"border-radius:0px\"><figure style=\"aspect-ratio:16\/9;\" class=\"is-style-default wp-block-post-featured-image\"><img loading=\"lazy\" decoding=\"async\" width=\"938\" height=\"542\" src=\"https:\/\/impactmemoire.com\/wp-content\/uploads\/2026\/04\/Template-image-news-Site-2-3.png\" class=\"attachment-full size-full wp-post-image\" alt=\"\" style=\"border-top-left-radius:0px;border-top-right-radius:0px;border-bottom-right-radius:0px;border-bottom-left-radius:0px;border-style:none;border-width:0px;width:100%;height:100%;object-fit:cover;\" srcset=\"https:\/\/impactmemoire.com\/wp-content\/uploads\/2026\/04\/Template-image-news-Site-2-3.png 938w, https:\/\/impactmemoire.com\/wp-content\/uploads\/2026\/04\/Template-image-news-Site-2-3-300x173.png 300w, https:\/\/impactmemoire.com\/wp-content\/uploads\/2026\/04\/Template-image-news-Site-2-3-768x444.png 768w, https:\/\/impactmemoire.com\/wp-content\/uploads\/2026\/04\/Template-image-news-Site-2-3-18x10.png 18w\" sizes=\"auto, (max-width: 938px) 100vw, 938px\" \/><\/figure>\n\n<h2 style=\"font-size:clamp(1.125rem, 1.125rem + ((1vw - 0.2rem) * 0.536), 1.5rem);line-height:1.3; padding-left:0px;padding-right:0px;padding-top:24px;margin-top:0;margin-bottom:0;\" class=\"tw-link-no-underline wp-block-post-title\"><a href=\"https:\/\/impactmemoire.com\/en\/emotions_profondes\/\" target=\"_self\" >Le C\u0153ur, le meilleur alli\u00e9 de la M\u00e9moire\u00a0?<\/a><\/h2>\n\n<div style=\"padding-top:0;padding-bottom:0;margin-top:22px;\" class=\"has-link-color wp-elements-f590928fbfe9449cddaafc67b293c861 wp-elements-37f694b98ba24c7727db9ff69e222983 wp-block-post-excerpt has-text-color has-contrast-color has-medium-font-size\"><p class=\"wp-block-post-excerpt__excerpt\">On vous explique pourquoi le coeur est le meilleur alli\u00e9 de la m\u00e9moire et ce que \u00e7a change pour vos&hellip; <\/p><\/div><\/div>\n\n\n\n<div class=\"wp-block-group has-contrast-2-color has-text-color has-link-color has-small-font-size wp-elements-3aedded027bdef6b3cdd6ba46befe2e1 is-layout-flex wp-container-core-group-is-layout-3 wp-block-group-is-layout-flex\" style=\"padding-right:0px;padding-bottom:24px;padding-left:0px;line-height:1.3\"><div class=\"taxonomy-category wp-block-post-terms\"><a href=\"https:\/\/impactmemoire.com\/en\/category\/actualite\/\" rel=\"tag\">News<\/a><span class=\"wp-block-post-terms__separator\">, <\/span><a href=\"https:\/\/impactmemoire.com\/en\/category\/article\/\" rel=\"tag\">Articles<\/a><\/div>\n\n\n<p>\u00b7<\/p>\n\n\n<div class=\"wp-block-post-date\"><time datetime=\"2026-04-07T13:40:48+00:00\">April 7, 2026<\/time><\/div><\/div>\n<\/div>\n\n<\/li><li class=\"wp-block-post post-2709 post type-post status-publish format-standard has-post-thumbnail hentry category-actualite category-article\">\n\n<div class=\"wp-block-group has-contrast-2-color has-text-color has-background has-link-color tw-stretched-link wp-elements-219fc66225032124731bbaa67a82a744 is-vertical is-layout-flex wp-container-core-group-is-layout-7 wp-block-group-is-layout-flex\" style=\"border-radius:0px;background-color:#f5ddcb00;min-height:100%;font-size:clamp(1.125rem, 1.125rem + ((1vw - 0.2rem) * 0.536), 1.5rem);line-height:1.3\">\n<div class=\"wp-block-group is-layout-flow wp-block-group-is-layout-flow\" style=\"border-radius:0px\"><figure style=\"aspect-ratio:16\/9;\" class=\"is-style-default wp-block-post-featured-image\"><img loading=\"lazy\" decoding=\"async\" width=\"938\" height=\"542\" src=\"https:\/\/impactmemoire.com\/wp-content\/uploads\/2026\/04\/Template-image-news-Site-2-2.png\" class=\"attachment-full size-full wp-post-image\" alt=\"\" style=\"border-top-left-radius:0px;border-top-right-radius:0px;border-bottom-right-radius:0px;border-bottom-left-radius:0px;border-style:none;border-width:0px;width:100%;height:100%;object-fit:cover;\" srcset=\"https:\/\/impactmemoire.com\/wp-content\/uploads\/2026\/04\/Template-image-news-Site-2-2.png 938w, https:\/\/impactmemoire.com\/wp-content\/uploads\/2026\/04\/Template-image-news-Site-2-2-300x173.png 300w, https:\/\/impactmemoire.com\/wp-content\/uploads\/2026\/04\/Template-image-news-Site-2-2-768x444.png 768w, https:\/\/impactmemoire.com\/wp-content\/uploads\/2026\/04\/Template-image-news-Site-2-2-18x10.png 18w\" sizes=\"auto, (max-width: 938px) 100vw, 938px\" \/><\/figure>\n\n<h2 style=\"font-size:clamp(1.125rem, 1.125rem + ((1vw - 0.2rem) * 0.536), 1.5rem);line-height:1.3; padding-left:0px;padding-right:0px;padding-top:24px;margin-top:0;margin-bottom:0;\" class=\"tw-link-no-underline wp-block-post-title\"><a href=\"https:\/\/impactmemoire.com\/en\/incongruite-resolution\/\" target=\"_self\" >Derri\u00e8re le rire, une m\u00e9canique cognitive : La th\u00e9orie de l\u2019Incongruit\u00e9-R\u00e9solution<\/a><\/h2>\n\n<div style=\"padding-top:0;padding-bottom:0;margin-top:22px;\" class=\"has-link-color wp-elements-f590928fbfe9449cddaafc67b293c861 wp-elements-37f694b98ba24c7727db9ff69e222983 wp-block-post-excerpt has-text-color has-contrast-color has-medium-font-size\"><p class=\"wp-block-post-excerpt__excerpt\">D\u00e9couvrez la m\u00e9canique cognitive qui se cache derri\u00e8re les communications du 1er avril <\/p><\/div><\/div>\n\n\n\n<div class=\"wp-block-group has-contrast-2-color has-text-color has-link-color has-small-font-size wp-elements-3aedded027bdef6b3cdd6ba46befe2e1 is-layout-flex wp-container-core-group-is-layout-6 wp-block-group-is-layout-flex\" style=\"padding-right:0px;padding-bottom:24px;padding-left:0px;line-height:1.3\"><div class=\"taxonomy-category wp-block-post-terms\"><a href=\"https:\/\/impactmemoire.com\/en\/category\/actualite\/\" rel=\"tag\">News<\/a><span class=\"wp-block-post-terms__separator\">, <\/span><a href=\"https:\/\/impactmemoire.com\/en\/category\/article\/\" rel=\"tag\">Articles<\/a><\/div>\n\n\n<p>\u00b7<\/p>\n\n\n<div class=\"wp-block-post-date\"><time datetime=\"2026-04-02T13:50:43+00:00\">April 2, 2026<\/time><\/div><\/div>\n<\/div>\n\n<\/li><li class=\"wp-block-post post-2702 post type-post status-publish format-standard has-post-thumbnail hentry category-actualite category-article\">\n\n<div class=\"wp-block-group has-contrast-2-color has-text-color has-background has-link-color tw-stretched-link wp-elements-219fc66225032124731bbaa67a82a744 is-vertical is-layout-flex wp-container-core-group-is-layout-10 wp-block-group-is-layout-flex\" style=\"border-radius:0px;background-color:#f5ddcb00;min-height:100%;font-size:clamp(1.125rem, 1.125rem + ((1vw - 0.2rem) * 0.536), 1.5rem);line-height:1.3\">\n<div class=\"wp-block-group is-layout-flow wp-block-group-is-layout-flow\" style=\"border-radius:0px\"><figure style=\"aspect-ratio:16\/9;\" class=\"is-style-default wp-block-post-featured-image\"><img loading=\"lazy\" decoding=\"async\" width=\"938\" height=\"542\" src=\"https:\/\/impactmemoire.com\/wp-content\/uploads\/2026\/04\/Template-image-news-Site-2-1.png\" class=\"attachment-full size-full wp-post-image\" alt=\"\" style=\"border-top-left-radius:0px;border-top-right-radius:0px;border-bottom-right-radius:0px;border-bottom-left-radius:0px;border-style:none;border-width:0px;width:100%;height:100%;object-fit:cover;\" srcset=\"https:\/\/impactmemoire.com\/wp-content\/uploads\/2026\/04\/Template-image-news-Site-2-1.png 938w, https:\/\/impactmemoire.com\/wp-content\/uploads\/2026\/04\/Template-image-news-Site-2-1-300x173.png 300w, https:\/\/impactmemoire.com\/wp-content\/uploads\/2026\/04\/Template-image-news-Site-2-1-768x444.png 768w, https:\/\/impactmemoire.com\/wp-content\/uploads\/2026\/04\/Template-image-news-Site-2-1-18x10.png 18w\" sizes=\"auto, (max-width: 938px) 100vw, 938px\" \/><\/figure>\n\n<h2 style=\"font-size:clamp(1.125rem, 1.125rem + ((1vw - 0.2rem) * 0.536), 1.5rem);line-height:1.3; padding-left:0px;padding-right:0px;padding-top:24px;margin-top:0;margin-bottom:0;\" class=\"tw-link-no-underline wp-block-post-title\"><a href=\"https:\/\/impactmemoire.com\/en\/tension_narrative\/\" target=\"_self\" >Sans tension, pas d\u2019attention<\/a><\/h2>\n\n<div style=\"padding-top:0;padding-bottom:0;margin-top:22px;\" class=\"has-link-color wp-elements-f590928fbfe9449cddaafc67b293c861 wp-elements-37f694b98ba24c7727db9ff69e222983 wp-block-post-excerpt has-text-color has-contrast-color has-medium-font-size\"><p class=\"wp-block-post-excerpt__excerpt\">D\u00e9couvrez comment la tension narrative peut influencer positivement la performance de votre communication. <\/p><\/div><\/div>\n\n\n\n<div class=\"wp-block-group has-contrast-2-color has-text-color has-link-color has-small-font-size wp-elements-3aedded027bdef6b3cdd6ba46befe2e1 is-layout-flex wp-container-core-group-is-layout-9 wp-block-group-is-layout-flex\" style=\"padding-right:0px;padding-bottom:24px;padding-left:0px;line-height:1.3\"><div class=\"taxonomy-category wp-block-post-terms\"><a href=\"https:\/\/impactmemoire.com\/en\/category\/actualite\/\" rel=\"tag\">News<\/a><span class=\"wp-block-post-terms__separator\">, <\/span><a href=\"https:\/\/impactmemoire.com\/en\/category\/article\/\" rel=\"tag\">Articles<\/a><\/div>\n\n\n<p>\u00b7<\/p>\n\n\n<div class=\"wp-block-post-date\"><time datetime=\"2026-04-01T14:29:43+00:00\">April 1, 2026<\/time><\/div><\/div>\n<\/div>\n\n<\/li><\/ul>\n\n<nav class=\"tw-mt-8 tw-link-hover-underline wp-block-query-pagination is-content-justification-center is-layout-flex wp-container-core-query-pagination-is-layout-1 wp-block-query-pagination-is-layout-flex\" aria-label=\"Pagination\">\n\n\n<div class=\"is-style-tw-circle wp-block-query-pagination-numbers\"><span aria-current=\"page\" class=\"page-numbers current\">1<\/span>\n<a class=\"page-numbers\" href=\"?query-76-page=2\">2<\/a>\n<a class=\"page-numbers\" href=\"?query-76-page=3\">3<\/a>\n<a class=\"page-numbers\" href=\"?query-76-page=4\">4<\/a>\n<span class=\"page-numbers dots\">&hellip;<\/span>\n<a class=\"page-numbers\" href=\"?query-76-page=23\">23<\/a><\/div>\n\n<a href=\"\/en\/wp-json\/wp\/v2\/pages\/369?query-76-page=2\" class=\"wp-block-query-pagination-next\">Next<\/a>\n<\/nav><\/div>\n<\/div>","protected":false},"excerpt":{"rendered":"","protected":false},"author":1,"featured_media":1691,"parent":0,"menu_order":0,"comment_status":"closed","ping_status":"closed","template":"","meta":{"ghostkit_customizer_options":"","ghostkit_custom_css":"","ghostkit_custom_js_head":"","ghostkit_custom_js_foot":"","ghostkit_typography":"","footnotes":""},"class_list":["post-369","page","type-page","status-publish","has-post-thumbnail","hentry"],"_links":{"self":[{"href":"https:\/\/impactmemoire.com\/en\/wp-json\/wp\/v2\/pages\/369","targetHints":{"allow":["GET"]}}],"collection":[{"href":"https:\/\/impactmemoire.com\/en\/wp-json\/wp\/v2\/pages"}],"about":[{"href":"https:\/\/impactmemoire.com\/en\/wp-json\/wp\/v2\/types\/page"}],"author":[{"embeddable":true,"href":"https:\/\/impactmemoire.com\/en\/wp-json\/wp\/v2\/users\/1"}],"replies":[{"embeddable":true,"href":"https:\/\/impactmemoire.com\/en\/wp-json\/wp\/v2\/comments?post=369"}],"version-history":[{"count":31,"href":"https:\/\/impactmemoire.com\/en\/wp-json\/wp\/v2\/pages\/369\/revisions"}],"predecessor-version":[{"id":2213,"href":"https:\/\/impactmemoire.com\/en\/wp-json\/wp\/v2\/pages\/369\/revisions\/2213"}],"wp:featuredmedia":[{"embeddable":true,"href":"https:\/\/impactmemoire.com\/en\/wp-json\/wp\/v2\/media\/1691"}],"wp:attachment":[{"href":"https:\/\/impactmemoire.com\/en\/wp-json\/wp\/v2\/media?parent=369"}],"curies":[{"name":"wp","href":"https:\/\/api.w.org\/{rel}","templated":true}]}}